{"id":101,"date":"2024-05-31T10:14:00","date_gmt":"2024-05-31T10:14:00","guid":{"rendered":"https:\/\/doradcy.it\/?page_id=101"},"modified":"2024-05-31T10:14:00","modified_gmt":"2024-05-31T10:14:00","slug":"oferta","status":"publish","type":"page","link":"https:\/\/doradcy.it\/?page_id=101","title":{"rendered":"Oferta"},"content":{"rendered":"<h4>Zarz\u0105dzanie licencjami na oprogramowanie<\/h4>\n<p>Przejmujemy zarz\u0105dzanie licencjami to jest:<\/p>\n<ul>\n<li>Wprowadzanie danych o zakupach,<\/li>\n<li>Tworzenie listy zgodno\u015bci,<\/li>\n<li>Informacja o akcjach niezb\u0119dnych do wykonania ze wzgl\u0119du na zmiany w licencjonowaniu,<\/li>\n<li>Analizy zakupowe,<\/li>\n<li>Analizy wp\u0142ywu modyfikacji sprz\u0119tu i sieci na wymagania licencyjne.<\/li>\n<\/ul>\n<h4>Nadz\u00f3r nad prac\u0105 skanera oprogramowania<\/h4>\n<p>Instalacja i konserwacja skanera oprogramowania zar\u00f3wno instalowanego przez nas jak i znajduj\u0105cego si\u0119 w Pa\u0144stwa posiadaniu. Wsparcie w zakresie w\u0142a\u015bciwej konfiguracji, instalowania poprawek, rozwi\u0105zywania problem\u00f3w.<\/p>\n<h4>Wdro\u017cenie proces\u00f3w zarz\u0105dzania Zasobami IT<\/h4>\n<p>Opracowanie i wdro\u017cenie Proces\u00f3w zarz\u0105dzania Zasobami IT tj. przygotowanie draft\u00f3w procedur, dyskusja zmian w istniej\u0105cych narz\u0119dziach, specyfikacja wymaga\u0144 dla narz\u0119dzi brakuj\u0105cych. Monitoring zasob\u00f3w. Wdro\u017cenie metodologii zarz\u0105dzania IT przez Miejsca powstawania koszt\u00f3w tj IT jako realizator potrzeb biznesu.<\/p>\n<h4>Przygotowanie do audyt\u00f3w formalnych<\/h4>\n<p>Przygotujemy Pa\u0144stwa do bezproblemowego uzyskania \u015bwiadectwa zgodno\u015bci z wymaganiami licencyjnymi producent\u00f3w:<\/p>\n<ul>\n<li>Microsoft,<\/li>\n<li>Oracle,<\/li>\n<li>IBM,<\/li>\n<li>Adobe,<\/li>\n<li>Autocad,<\/li>\n<li>SAP.<\/li>\n<\/ul>\n<p>&nbsp;<\/p>\n","protected":false},"excerpt":{"rendered":"<p>Zarz\u0105dzanie licencjami na oprogramowanie Przejmujemy zarz\u0105dzanie licencjami to jest: Wprowadzanie danych o zakupach, Tworzenie listy zgodno\u015bci, Informacja o akcjach niezb\u0119dnych do wykonania ze wzgl\u0119du na zmiany w licencjonowaniu, Analizy zakupowe, Analizy wp\u0142ywu modyfikacji sprz\u0119tu i sieci na wymagania licencyjne. Nadz\u00f3r nad prac\u0105 skanera oprogramowania Instalacja i konserwacja skanera oprogramowania zar\u00f3wno instalowanego przez nas jak i [&hellip;]<\/p>\n","protected":false},"author":1,"featured_media":0,"parent":0,"menu_order":0,"comment_status":"closed","ping_status":"closed","template":"","meta":{"_crdt_document":"","footnotes":""},"class_list":["post-101","page","type-page","status-publish","hentry"],"_links":{"self":[{"href":"https:\/\/doradcy.it\/index.php?rest_route=\/wp\/v2\/pages\/101","targetHints":{"allow":["GET"]}}],"collection":[{"href":"https:\/\/doradcy.it\/index.php?rest_route=\/wp\/v2\/pages"}],"about":[{"href":"https:\/\/doradcy.it\/index.php?rest_route=\/wp\/v2\/types\/page"}],"author":[{"embeddable":true,"href":"https:\/\/doradcy.it\/index.php?rest_route=\/wp\/v2\/users\/1"}],"replies":[{"embeddable":true,"href":"https:\/\/doradcy.it\/index.php?rest_route=%2Fwp%2Fv2%2Fcomments&post=101"}],"version-history":[{"count":1,"href":"https:\/\/doradcy.it\/index.php?rest_route=\/wp\/v2\/pages\/101\/revisions"}],"predecessor-version":[{"id":102,"href":"https:\/\/doradcy.it\/index.php?rest_route=\/wp\/v2\/pages\/101\/revisions\/102"}],"wp:attachment":[{"href":"https:\/\/doradcy.it\/index.php?rest_route=%2Fwp%2Fv2%2Fmedia&parent=101"}],"curies":[{"name":"wp","href":"https:\/\/api.w.org\/{rel}","templated":true}]}}