{"id":16,"date":"2024-05-21T20:19:53","date_gmt":"2024-05-21T20:19:53","guid":{"rendered":"https:\/\/doradcy.it\/?page_id=16"},"modified":"2024-05-30T15:46:43","modified_gmt":"2024-05-30T15:46:43","slug":"snow","status":"publish","type":"page","link":"https:\/\/doradcy.it\/?page_id=16","title":{"rendered":"Blog Snowmana"},"content":{"rendered":"<h4>Uwaga na MSDN<\/h4>\n<p><img loading=\"lazy\" decoding=\"async\" class=\"size-full wp-image-92 alignleft\" src=\"https:\/\/doradcy.it\/wp-content\/uploads\/2024\/05\/msdn.jpg\" alt=\"\" width=\"204\" height=\"192\" \/>SNOW w obecnej edycji ma k\u0142opot w rozliczeniu licencji MSDN. Zg\u0142osili\u015bmy ten problem do SNOW i pracujemy nad rozwi\u0105zaniem. Na razie sugerujemy rozliczenie poprzez mechanizm csv oraz wykluczenie licencji instalowanych z msdn z rozliczenia.<\/p>\n","protected":false},"excerpt":{"rendered":"<p>Uwaga na MSDN SNOW w obecnej edycji ma k\u0142opot w rozliczeniu licencji MSDN. Zg\u0142osili\u015bmy ten problem do SNOW i pracujemy nad rozwi\u0105zaniem. Na razie sugerujemy rozliczenie poprzez mechanizm csv oraz wykluczenie licencji instalowanych z msdn z rozliczenia.<\/p>\n","protected":false},"author":1,"featured_media":0,"parent":80,"menu_order":0,"comment_status":"closed","ping_status":"closed","template":"","meta":{"_crdt_document":"","footnotes":""},"class_list":["post-16","page","type-page","status-publish","hentry"],"_links":{"self":[{"href":"https:\/\/doradcy.it\/index.php?rest_route=\/wp\/v2\/pages\/16","targetHints":{"allow":["GET"]}}],"collection":[{"href":"https:\/\/doradcy.it\/index.php?rest_route=\/wp\/v2\/pages"}],"about":[{"href":"https:\/\/doradcy.it\/index.php?rest_route=\/wp\/v2\/types\/page"}],"author":[{"embeddable":true,"href":"https:\/\/doradcy.it\/index.php?rest_route=\/wp\/v2\/users\/1"}],"replies":[{"embeddable":true,"href":"https:\/\/doradcy.it\/index.php?rest_route=%2Fwp%2Fv2%2Fcomments&post=16"}],"version-history":[{"count":3,"href":"https:\/\/doradcy.it\/index.php?rest_route=\/wp\/v2\/pages\/16\/revisions"}],"predecessor-version":[{"id":93,"href":"https:\/\/doradcy.it\/index.php?rest_route=\/wp\/v2\/pages\/16\/revisions\/93"}],"up":[{"embeddable":true,"href":"https:\/\/doradcy.it\/index.php?rest_route=\/wp\/v2\/pages\/80"}],"wp:attachment":[{"href":"https:\/\/doradcy.it\/index.php?rest_route=%2Fwp%2Fv2%2Fmedia&parent=16"}],"curies":[{"name":"wp","href":"https:\/\/api.w.org\/{rel}","templated":true}]}}