{"id":38,"date":"2024-05-30T11:15:07","date_gmt":"2024-05-30T11:15:07","guid":{"rendered":"https:\/\/doradcy.it\/?page_id=38"},"modified":"2026-03-10T11:33:37","modified_gmt":"2026-03-10T11:33:37","slug":"sami","status":"publish","type":"page","link":"https:\/\/doradcy.it\/?page_id=38","title":{"rendered":"Blog SAM w SAMI"},"content":{"rendered":"<h4>ORKA ORC\u0104<\/h4>\n<p><a href=\"https:\/\/www.youtube.com\/watch?v=wOwKsmqasvA&amp;t=4s&amp;pp=ygUea29yYW9yY2EgdmlkZW8gZW4gaXByIGluc2lnaHRz\"><img loading=\"lazy\" decoding=\"async\" class=\"size-full wp-image-44 alignleft\" src=\"https:\/\/doradcy.it\/wp-content\/uploads\/2024\/05\/Orca.jpg\" alt=\"\" width=\"300\" height=\"168\" \/><\/a>IPR INSIGHTS uruchomi\u0142 kolejn\u0105 wersj\u0119 modu\u0142u ORCA przeznaczonego do zarz\u0105dzania licencjami na oprogramowanie ORACLE.Modu\u0142 pozwala na kontrol\u0119 poprawno\u015bci instalacji bazy danych z punktu widzenia zakupionych licencji. Modu\u0142 pozwala ewidencjonowa\u0107 licencje w tym licencje JAVA i parowa\u0107 je z instalacjami. Niepoprawne instalacje zostaj\u0105 wskazane w module.<\/p>\n<p><a href=\"https:\/\/www.youtube.com\/watch?v=wOwKsmqasvA&amp;t=4s&amp;pp=ygUea29yYW9yY2EgdmlkZW8gZW4gaXByIGluc2lnaHRz\">ORCA om\u00f3wienie funkcjonalno\u015bci<\/a><\/p>\n<p>30 maj 2024.<\/p>\n<p>&nbsp;<\/p>\n","protected":false},"excerpt":{"rendered":"<p>ORKA ORC\u0104 IPR INSIGHTS uruchomi\u0142 kolejn\u0105 wersj\u0119 modu\u0142u ORCA przeznaczonego do zarz\u0105dzania licencjami na oprogramowanie ORACLE.Modu\u0142 pozwala na kontrol\u0119 poprawno\u015bci instalacji bazy danych z punktu widzenia zakupionych licencji. Modu\u0142 pozwala ewidencjonowa\u0107 licencje w tym licencje JAVA i parowa\u0107 je z instalacjami. Niepoprawne instalacje zostaj\u0105 wskazane w module. ORCA om\u00f3wienie funkcjonalno\u015bci 30 maj 2024. &nbsp;<\/p>\n","protected":false},"author":1,"featured_media":0,"parent":80,"menu_order":0,"comment_status":"closed","ping_status":"closed","template":"","meta":{"_crdt_document":"","footnotes":""},"class_list":["post-38","page","type-page","status-publish","hentry"],"_links":{"self":[{"href":"https:\/\/doradcy.it\/index.php?rest_route=\/wp\/v2\/pages\/38","targetHints":{"allow":["GET"]}}],"collection":[{"href":"https:\/\/doradcy.it\/index.php?rest_route=\/wp\/v2\/pages"}],"about":[{"href":"https:\/\/doradcy.it\/index.php?rest_route=\/wp\/v2\/types\/page"}],"author":[{"embeddable":true,"href":"https:\/\/doradcy.it\/index.php?rest_route=\/wp\/v2\/users\/1"}],"replies":[{"embeddable":true,"href":"https:\/\/doradcy.it\/index.php?rest_route=%2Fwp%2Fv2%2Fcomments&post=38"}],"version-history":[{"count":8,"href":"https:\/\/doradcy.it\/index.php?rest_route=\/wp\/v2\/pages\/38\/revisions"}],"predecessor-version":[{"id":119,"href":"https:\/\/doradcy.it\/index.php?rest_route=\/wp\/v2\/pages\/38\/revisions\/119"}],"up":[{"embeddable":true,"href":"https:\/\/doradcy.it\/index.php?rest_route=\/wp\/v2\/pages\/80"}],"wp:attachment":[{"href":"https:\/\/doradcy.it\/index.php?rest_route=%2Fwp%2Fv2%2Fmedia&parent=38"}],"curies":[{"name":"wp","href":"https:\/\/api.w.org\/{rel}","templated":true}]}}