{"id":80,"date":"2024-05-30T15:16:00","date_gmt":"2024-05-30T15:16:00","guid":{"rendered":"https:\/\/doradcy.it\/?page_id=80"},"modified":"2024-05-30T16:16:05","modified_gmt":"2024-05-30T16:16:05","slug":"glowna","status":"publish","type":"page","link":"https:\/\/doradcy.it\/?page_id=80","title":{"rendered":"G\u0142\u00f3wna"},"content":{"rendered":"<h2>Nowo\u015bci!<\/h2>\n<h4>SAMI<\/h4>\n<p>30.05.2024<\/p>\n<p>Zapraszamy do lektury Bloga SAMa u\u017cywaj\u0105cego aplikacji SAMI. Tym razem dwa s\u0142owa o rozszerzeniu SAMI do zarz\u0105dzania licencjami ORACLE.<\/p>\n<p><a href=\"https:\/\/doradcy.it\/?page_id=38\">Blog SAM w SAMI<\/a><\/p>\n<h4>SNOW<\/h4>\n<p>2.05.2024<\/p>\n<p>Zmagania SNOWMANA ze snowem. Tym razem uwaga na MSDN.<\/p>\n<p><a href=\"https:\/\/doradcy.it\/?page_id=16\">Blog Snowmana<\/a><\/p>\n<h4>JAVA i Oracle<\/h4>\n<p>2.05.2024<\/p>\n<p>Zmiana licencjonowania wprowadzona przez ORACLE dla JAVY wymusza obecnie zakup JAVY dl ca\u0142ej organizacji bez wzgl\u0119du na liczb\u0119 faktycznie u\u017cywaj\u0105cych jej pracownik\u00f3w. Tak wi\u0119c w celu unikni\u0119cia niepotrzebnej dyskusji z ORACLE trzeba zrobi\u0107 inwentaryzacj\u0119 produkt\u00f3w JAVA i rozwa\u017cy\u0107 zmian\u0119 na innego dostawc\u0119 lub zakup licencji dla ca\u0142ej firmy.<\/p>\n<h4>Podr\u0119cznik Oprogramowania<\/h4>\n<p>Zapraszamy do lektury przewodnika po oprogramowaniu Microsoft.<\/p>\n<p><a href=\"https:\/\/doradcy.it\/?p=1\">Przewodnik po licencjonowaniu!<\/a><\/p>\n<p>&nbsp;<\/p>\n<p>&nbsp;<\/p>\n","protected":false},"excerpt":{"rendered":"<p>Nowo\u015bci! SAMI 30.05.2024 Zapraszamy do lektury Bloga SAMa u\u017cywaj\u0105cego aplikacji SAMI. Tym razem dwa s\u0142owa o rozszerzeniu SAMI do zarz\u0105dzania licencjami ORACLE. Blog SAM w SAMI SNOW 2.05.2024 Zmagania SNOWMANA ze snowem. Tym razem uwaga na MSDN. Blog Snowmana JAVA i Oracle 2.05.2024 Zmiana licencjonowania wprowadzona przez ORACLE dla JAVY wymusza obecnie zakup JAVY dl [&hellip;]<\/p>\n","protected":false},"author":1,"featured_media":0,"parent":0,"menu_order":0,"comment_status":"closed","ping_status":"closed","template":"","meta":{"_crdt_document":"","footnotes":""},"class_list":["post-80","page","type-page","status-publish","hentry"],"_links":{"self":[{"href":"https:\/\/doradcy.it\/index.php?rest_route=\/wp\/v2\/pages\/80","targetHints":{"allow":["GET"]}}],"collection":[{"href":"https:\/\/doradcy.it\/index.php?rest_route=\/wp\/v2\/pages"}],"about":[{"href":"https:\/\/doradcy.it\/index.php?rest_route=\/wp\/v2\/types\/page"}],"author":[{"embeddable":true,"href":"https:\/\/doradcy.it\/index.php?rest_route=\/wp\/v2\/users\/1"}],"replies":[{"embeddable":true,"href":"https:\/\/doradcy.it\/index.php?rest_route=%2Fwp%2Fv2%2Fcomments&post=80"}],"version-history":[{"count":5,"href":"https:\/\/doradcy.it\/index.php?rest_route=\/wp\/v2\/pages\/80\/revisions"}],"predecessor-version":[{"id":99,"href":"https:\/\/doradcy.it\/index.php?rest_route=\/wp\/v2\/pages\/80\/revisions\/99"}],"wp:attachment":[{"href":"https:\/\/doradcy.it\/index.php?rest_route=%2Fwp%2Fv2%2Fmedia&parent=80"}],"curies":[{"name":"wp","href":"https:\/\/api.w.org\/{rel}","templated":true}]}}